{"id":567,"date":"2020-12-01T14:58:07","date_gmt":"2020-12-01T13:58:07","guid":{"rendered":"http:\/\/aus-ape.cz\/?page_id=567"},"modified":"2025-12-29T18:41:35","modified_gmt":"2025-12-29T17:41:35","slug":"kontakty","status":"publish","type":"page","link":"https:\/\/aus-ape.cz\/es\/o-nas\/kontakty\/","title":{"rendered":"Contactos"},"content":{"rendered":"<figure class=\"wp-block-table myTable\"><table><tbody><tr><td class=\"has-text-align-right\" data-align=\"right\"><strong>e-mail AU\u0160-APE<\/strong><\/td><td><em>info@aus-ape.cz<\/em><\/td><\/tr><tr><td class=\"has-text-align-right\" data-align=\"right\"><strong>Mgr. Lenka Formanov\u00e1<\/strong><br>p\u0159edseda<\/td><td>Gymn\u00e1zium \u017d\u010f\u00e1r nad S\u00e1zavou,<br>Neumannova 1693\/2, \u017d\u010f\u00e1r nad S\u00e1zavou, 591 01<br>e-mail:<em> formanova@gymzr.cz<\/em><\/td><\/tr><tr><td class=\"has-text-align-right\" data-align=\"right\"><strong>Ing. Mark\u00e9ta Panc\u00ed\u0159ov\u00e1<\/strong><br>hospod\u00e1\u0159<\/td><td>Prvn\u00ed soukrom\u00e9 jazykov\u00e9 Gymn\u00e1zium, Brandlova 875,&nbsp;Hradec Kr\u00e1lov\u00e9&nbsp;3, PS\u010c 500 03<br>e-mail: <em>marketapan@seznam.cz<\/em><\/td><\/tr><tr><td class=\"has-text-align-right\" data-align=\"right\"><strong>Mgr. Kate\u0159ina Kov\u00e1\u0159\u00edkov\u00e1<\/strong><br>redaktor<\/td><td>Obchodn\u00ed akademie Hole\u0161ovice, Praha<br>e-mail: <em>katerina.merickova@seznam.cz<\/em><\/td><\/tr><tr><td class=\"has-text-align-right\" data-align=\"right\"><strong>po\u0161tovn\u00ed adresa AU\u0160-APE<\/strong><\/td><td>Gymn\u00e1zium \u017d\u010f\u00e1r nad S\u00e1zavou,<br>Neumannova 1693\/2, \u017d\u010f\u00e1r nad S\u00e1zavou, 591 01<\/td><\/tr><tr><td class=\"has-text-align-right\" data-align=\"right\"><strong>\u010d\u00edslo \u00fa\u010dtu<\/strong> <strong>AU\u0160-APE<\/strong><\/td><td><strong>260278383\/0600<\/strong><\/td><\/tr><tr><td class=\"has-text-align-right\" data-align=\"right\"><strong>v\u00fd\u0161e p\u0159\u00edsp\u011bvku<\/strong><\/td><td>300 K\u010d \/ rok<\/td><\/tr><\/tbody><\/table><\/figure>\n\n\n\n<p><\/p>","protected":false},"excerpt":{"rendered":"<p>e-mail AU\u0160-APE info@aus-ape.cz Mgr. Lenka Formanov\u00e1p\u0159edseda Gymn\u00e1zium \u017d\u010f\u00e1r nad S\u00e1zavou,Neumannova 1693\/2, \u017d\u010f\u00e1r nad S\u00e1zavou, 591 01e-mail: formanova@gymzr.cz Ing. Mark\u00e9ta Panc\u00ed\u0159ov\u00e1hospod\u00e1\u0159 Prvn\u00ed soukrom\u00e9 jazykov\u00e9 Gymn\u00e1zium, Brandlova 875,&nbsp;Hradec Kr\u00e1lov\u00e9&nbsp;3, PS\u010c 500 03e-mail: marketapan@seznam.cz Mgr. Kate\u0159ina Kov\u00e1\u0159\u00edkov\u00e1redaktor Obchodn\u00ed akademie Hole\u0161ovice, Prahae-mail: katerina.merickova@seznam.cz po\u0161tovn\u00ed adresa AU\u0160-APE Gymn\u00e1zium \u017d\u010f\u00e1r nad S\u00e1zavou,Neumannova 1693\/2, \u017d\u010f\u00e1r nad S\u00e1zavou, 591 01 \u010d\u00edslo \u00fa\u010dtu AU\u0160-APE [&hellip;]<\/p>","protected":false},"author":1,"featured_media":0,"parent":25,"menu_order":0,"comment_status":"closed","ping_status":"closed","template":"","meta":[],"_links":{"self":[{"href":"https:\/\/aus-ape.cz\/es\/wp-json\/wp\/v2\/pages\/567"}],"collection":[{"href":"https:\/\/aus-ape.cz\/es\/wp-json\/wp\/v2\/pages"}],"about":[{"href":"https:\/\/aus-ape.cz\/es\/wp-json\/wp\/v2\/types\/page"}],"author":[{"embeddable":true,"href":"https:\/\/aus-ape.cz\/es\/wp-json\/wp\/v2\/users\/1"}],"replies":[{"embeddable":true,"href":"https:\/\/aus-ape.cz\/es\/wp-json\/wp\/v2\/comments?post=567"}],"version-history":[{"count":19,"href":"https:\/\/aus-ape.cz\/es\/wp-json\/wp\/v2\/pages\/567\/revisions"}],"predecessor-version":[{"id":1827,"href":"https:\/\/aus-ape.cz\/es\/wp-json\/wp\/v2\/pages\/567\/revisions\/1827"}],"up":[{"embeddable":true,"href":"https:\/\/aus-ape.cz\/es\/wp-json\/wp\/v2\/pages\/25"}],"wp:attachment":[{"href":"https:\/\/aus-ape.cz\/es\/wp-json\/wp\/v2\/media?parent=567"}],"curies":[{"name":"wp","href":"https:\/\/api.w.org\/{rel}","templated":true}]}}