{"id":5,"date":"2020-10-08T15:25:48","date_gmt":"2020-10-08T15:25:48","guid":{"rendered":"http:\/\/aus-ape.cz\/register\/"},"modified":"2020-11-28T15:08:16","modified_gmt":"2020-11-28T14:08:16","slug":"register","status":"publish","type":"page","link":"https:\/\/aus-ape.cz\/es\/clenstvi\/register\/","title":{"rendered":"Registrace \u010dlena"},"content":{"rendered":"<header class=\"entry-header\">\n<h5 class=\"entry-title\"><strong style=\"font-size: inherit;\">Obecn\u00e9 informace a v\u00fdhody \u010dlenstv\u00ed<\/strong><\/h5>\n<\/header>\n<div class=\"entry-content\">\n<p><em>Asociace u\u010ditel\u016f \u0161pan\u011bl\u0161tiny (AU\u0160-APE) je instituc\u00ed, kter\u00e1 v\u00a0\u010cesk\u00e9 republice sdru\u017euje v\u011bt\u0161inu vyu\u010duj\u00edc\u00edch \u0161pan\u011bl\u0161tiny v\u0161ech typ\u016f a stup\u0148\u016f \u0161kol.<\/em><\/p>\n<ul>\n<li>Zprost\u0159edkov\u00e1v\u00e1 sv\u00fdm \u010dlen\u016fm nov\u00e9 informace z\u00a0oboru.<\/li>\n<\/ul>\n<ul>\n<li>Referuje o programech pro u\u010ditele.<\/li>\n<\/ul>\n<ul>\n<li>Pom\u00e1h\u00e1 za\u010d\u00ednaj\u00edc\u00edm vyu\u010duj\u00edc\u00edm \u0161pan\u011bl\u0161tiny.<\/li>\n<\/ul>\n<ul>\n<li>Informuje o sout\u011b\u017e\u00edch.<\/li>\n<\/ul>\n<ul>\n<li>Pom\u00e1h\u00e1 \u0161kol\u00e1m v\u00a0hled\u00e1n\u00ed vyu\u010duj\u00edc\u00edch \u0161pan\u011bl\u0161tiny.<\/li>\n<\/ul>\n<ul>\n<li>Spolupracuje s\u00a0ambas\u00e1dami \u0161pan\u011blsky mluv\u00edc\u00edch zem\u00ed.<\/li>\n<\/ul>\n<ul>\n<li>Je v kontaktu s\u00a0mnoha zahrani\u010dn\u00edmi a tuzemsk\u00fdmi vydavatelstv\u00edmi didaktick\u00fdch materi\u00e1l\u016f.<\/li>\n<\/ul>\n<ul>\n<li>Ro\u010dn\u011b po\u0159\u00e1d\u00e1 n\u011bkolik konferenc\u00ed s\u00a0p\u0159edn\u00e1\u0161kami odborn\u00edk\u016f z\u00a0oboru, prezentacemi u\u010debnic apod.<\/li>\n<\/ul>\n<\/div>\n<h5>Registra\u010dn\u00ed formul\u00e1\u0159<\/h5>\n\n<form id=\"pms_register-form\" class=\"pms-form\" method=\"POST\" action=\"\">\n\n    \n    <input type=\"hidden\" id=\"pmstkn\" name=\"pmstkn\" value=\"e7f4d53e03\" \/><input type=\"hidden\" name=\"_wp_http_referer\" value=\"\/es\/wp-json\/wp\/v2\/pages\/5\" \/>\n    <ul class=\"pms-form-fields-wrapper\">\n\n        \n\n        \n        \n                <li class=\"pms-field pms-user-login-field\">\n            <label for=\"pms_user_login\">U\u017eivatelsk\u00e9 jm\u00e9no *<\/label>\n            <input id=\"pms_user_login\" name=\"user_login\" type=\"text\" value=\"\" \/>\n\n                    <\/li>\n\n                <li class=\"pms-field pms-user-email-field\">\n            <label for=\"pms_user_email\">E-mail *<\/label>\n            <input id=\"pms_user_email\" name=\"user_email\" type=\"text\" value=\"\" \/>\n\n                    <\/li>\n\n                <li class=\"pms-field pms-first-name-field\">\n            <label for=\"pms_first_name\">K\u0159estn\u00ed jm\u00e9no<\/label>\n            <input id=\"pms_first_name\" name=\"first_name\" type=\"text\" value=\"\" \/>\n\n                    <\/li>\n\n                <li class=\"pms-field pms-last-name-field\">\n            <label for=\"pms_last_name\">P\u0159\u00edjmen\u00ed<\/label>\n            <input id=\"pms_last_name\" name=\"last_name\" type=\"text\" value=\"\" \/>\n\n                    <\/li>\n\n                <li class=\"pms-field pms-pass1-field\">\n            <label for=\"pms_pass1\">Heslo *<\/label>\n            <input id=\"pms_pass1\" name=\"pass1\" type=\"password\" \/>\n\n                    <\/li>\n\n                <li class=\"pms-field pms-pass2-field\">\n            <label for=\"pms_pass2\">Heslo je\u0161t\u011b jednou *<\/label>\n            <input id=\"pms_pass2\" name=\"pass2\" type=\"password\" \/>\n\n                    <\/li>\n\n        \n        \n        \n        <li class=\"pms-field pms-field-subscriptions\"><div class=\"pms-subscription-plan pms-hidden\"><input type=\"hidden\" name=\"subscription_plans\" data-price=\"300\" data-duration=\"1\" data-fixed_membership=\"\" data-allow_renew=\"\" data-sign_up_fee=\"300\" data-trial=\"0\" data-recurring=\"0\"  value=\"9\" \/><label><span class=\"pms-subscription-plan-name\">Ro\u010dn\u00ed p\u0159edplatn\u00e9<\/span><span class=\"pms-subscription-plan-price\"><span class=\"pms-divider\"> - <\/span><span class=\"pms-subscription-plan-price-value\">300<\/span><span class=\"pms-subscription-plan-currency\">&#75;&#269;<\/span><span class=\"pms-divider\"> \/ <\/span>1 Rok<\/span><span class=\"pms-subscription-plan-trial\"><\/span><span class=\"pms-subscription-plan-sign-up-fee\"> and a 300&#75;&#269; sign-up fee<\/span><\/label><div class=\"pms-subscription-plan-description\">\u010clensk\u00fd p\u0159\u00edsp\u011bvek pro AU\u0160-APE, se kter\u00fdm z\u00edsk\u00e1te p\u0159\u00edstup k dal\u0161\u00edm materi\u00e1l\u016fm, akc\u00edm a bollet\u00ednu.\r\nPo registraci na v\u00e1\u0161 email doraz\u00ed informace k platb\u011b p\u0159\u00edsp\u011bvku.<\/div><\/div><div id=\"pms-paygates-wrapper\"><input type=\"hidden\" class=\"pms_pay_gate\" name=\"pay_gate\" value=\"manual\" data-sign_up_fee=\"1\" data-trial=\"1\" data-recurring=\"1\"  \/><\/div><\/li>\n    <\/ul>\n\n    <span id=\"pms-submit-button-loading-placeholder-text\" style=\"display: none;\">Zpracov\u00e1v\u00e1 se. Pros\u00edm, \u010dekejte...<\/span>\n    <input class=\"pms-form-submit\" name=\"pms_register\" type=\"submit\" value=\"Registrace\" \/>\n\n<input type=\"hidden\" name=\"trp-form-language\" value=\"es\"\/><\/form>\n\n\n\n<p>Po registraci doraz\u00ed na va\u0161i emailovou adresu podrobn\u00e9 informace k platb\u011b \u010dlensk\u00e9ho p\u0159\u00edsp\u011bvku a vypln\u011bn\u00ed \u010dlensk\u00e9ho formul\u00e1\u0159e.<\/p>","protected":false},"excerpt":{"rendered":"<p>Obecn\u00e9 informace a v\u00fdhody \u010dlenstv\u00ed Asociace u\u010ditel\u016f \u0161pan\u011bl\u0161tiny (AU\u0160-APE) je instituc\u00ed, kter\u00e1 v\u00a0\u010cesk\u00e9 republice sdru\u017euje v\u011bt\u0161inu vyu\u010duj\u00edc\u00edch \u0161pan\u011bl\u0161tiny v\u0161ech typ\u016f a stup\u0148\u016f \u0161kol. Zprost\u0159edkov\u00e1v\u00e1 sv\u00fdm \u010dlen\u016fm nov\u00e9 informace z\u00a0oboru. Referuje o programech pro u\u010ditele. Pom\u00e1h\u00e1 za\u010d\u00ednaj\u00edc\u00edm vyu\u010duj\u00edc\u00edm \u0161pan\u011bl\u0161tiny. Informuje o sout\u011b\u017e\u00edch. Pom\u00e1h\u00e1 \u0161kol\u00e1m v\u00a0hled\u00e1n\u00ed vyu\u010duj\u00edc\u00edch \u0161pan\u011bl\u0161tiny. Spolupracuje s\u00a0ambas\u00e1dami \u0161pan\u011blsky mluv\u00edc\u00edch zem\u00ed. Je v kontaktu s\u00a0mnoha [&hellip;]<\/p>","protected":false},"author":1,"featured_media":0,"parent":57,"menu_order":0,"comment_status":"closed","ping_status":"closed","template":"","meta":[],"_links":{"self":[{"href":"https:\/\/aus-ape.cz\/es\/wp-json\/wp\/v2\/pages\/5"}],"collection":[{"href":"https:\/\/aus-ape.cz\/es\/wp-json\/wp\/v2\/pages"}],"about":[{"href":"https:\/\/aus-ape.cz\/es\/wp-json\/wp\/v2\/types\/page"}],"author":[{"embeddable":true,"href":"https:\/\/aus-ape.cz\/es\/wp-json\/wp\/v2\/users\/1"}],"replies":[{"embeddable":true,"href":"https:\/\/aus-ape.cz\/es\/wp-json\/wp\/v2\/comments?post=5"}],"version-history":[{"count":3,"href":"https:\/\/aus-ape.cz\/es\/wp-json\/wp\/v2\/pages\/5\/revisions"}],"predecessor-version":[{"id":409,"href":"https:\/\/aus-ape.cz\/es\/wp-json\/wp\/v2\/pages\/5\/revisions\/409"}],"up":[{"embeddable":true,"href":"https:\/\/aus-ape.cz\/es\/wp-json\/wp\/v2\/pages\/57"}],"wp:attachment":[{"href":"https:\/\/aus-ape.cz\/es\/wp-json\/wp\/v2\/media?parent=5"}],"curies":[{"name":"wp","href":"https:\/\/api.w.org\/{rel}","templated":true}]}}