{"id":37,"date":"2020-11-10T13:30:42","date_gmt":"2020-11-10T13:30:42","guid":{"rendered":"http:\/\/aus-ape.cz\/?page_id=37"},"modified":"2025-12-29T17:00:10","modified_gmt":"2025-12-29T16:00:10","slug":"boletin","status":"publish","type":"page","link":"https:\/\/aus-ape.cz\/es\/clenstvi\/boletin\/","title":{"rendered":"Bulletin"},"content":{"rendered":"<p>K tomuto obsahu nem\u00e1te p\u0159\u00edstup.<\/p>\n<p>Jste-li ji\u017e \u010dlenem, <a href=\"http:\/\/aus-ape.cz\/clenstvi\/login\/\">p\u0159ihlaste se<\/a>.<\/p>\n<p>Nejste-li \u010dlenem, <a href=\"http:\/\/aus-ape.cz\/clenstvi\/register\/\">registrujte se<\/a> a postupujte dle pokyn\u016f v registra\u010dn\u00edm emailu.<\/p>\n<p>D\u011bkujeme<\/p>","protected":false},"excerpt":{"rendered":"<p>K tomuto obsahu nem\u00e1te p\u0159\u00edstup. Jste-li ji\u017e \u010dlenem, p\u0159ihlaste se. Nejste-li \u010dlenem, registrujte se a postupujte dle pokyn\u016f v registra\u010dn\u00edm emailu. D\u011bkujeme<\/p>","protected":false},"author":1,"featured_media":0,"parent":57,"menu_order":0,"comment_status":"closed","ping_status":"closed","template":"","meta":[],"_links":{"self":[{"href":"https:\/\/aus-ape.cz\/es\/wp-json\/wp\/v2\/pages\/37"}],"collection":[{"href":"https:\/\/aus-ape.cz\/es\/wp-json\/wp\/v2\/pages"}],"about":[{"href":"https:\/\/aus-ape.cz\/es\/wp-json\/wp\/v2\/types\/page"}],"author":[{"embeddable":true,"href":"https:\/\/aus-ape.cz\/es\/wp-json\/wp\/v2\/users\/1"}],"replies":[{"embeddable":true,"href":"https:\/\/aus-ape.cz\/es\/wp-json\/wp\/v2\/comments?post=37"}],"version-history":[{"count":59,"href":"https:\/\/aus-ape.cz\/es\/wp-json\/wp\/v2\/pages\/37\/revisions"}],"predecessor-version":[{"id":1818,"href":"https:\/\/aus-ape.cz\/es\/wp-json\/wp\/v2\/pages\/37\/revisions\/1818"}],"up":[{"embeddable":true,"href":"https:\/\/aus-ape.cz\/es\/wp-json\/wp\/v2\/pages\/57"}],"wp:attachment":[{"href":"https:\/\/aus-ape.cz\/es\/wp-json\/wp\/v2\/media?parent=37"}],"curies":[{"name":"wp","href":"https:\/\/api.w.org\/{rel}","templated":true}]}}