{"id":1125,"date":"2021-12-10T16:25:36","date_gmt":"2021-12-10T15:25:36","guid":{"rendered":"http:\/\/aus-ape.cz\/?page_id=1125"},"modified":"2021-12-15T18:38:18","modified_gmt":"2021-12-15T17:38:18","slug":"videos","status":"publish","type":"page","link":"https:\/\/aus-ape.cz\/es\/clenstvi\/materialy-k-vyuce\/videos\/","title":{"rendered":"v\u00eddeos"},"content":{"rendered":"<p>K tomuto obsahu nem\u00e1te p\u0159\u00edstup.<\/p>\n<p>Jste-li ji\u017e \u010dlenem, <a href=\"http:\/\/aus-ape.cz\/clenstvi\/login\/\">p\u0159ihlaste se<\/a>.<\/p>\n<p>Nejste-li \u010dlenem, <a href=\"http:\/\/aus-ape.cz\/clenstvi\/register\/\">registrujte se<\/a> a postupujte dle pokyn\u016f v registra\u010dn\u00edm emailu.<\/p>\n<p>D\u011bkujeme<\/p>","protected":false},"excerpt":{"rendered":"<p>K tomuto obsahu nem\u00e1te p\u0159\u00edstup. Jste-li ji\u017e \u010dlenem, p\u0159ihlaste se. Nejste-li \u010dlenem, registrujte se a postupujte dle pokyn\u016f v registra\u010dn\u00edm emailu. D\u011bkujeme<\/p>","protected":false},"author":1,"featured_media":0,"parent":1101,"menu_order":0,"comment_status":"open","ping_status":"closed","template":"","meta":[],"_links":{"self":[{"href":"https:\/\/aus-ape.cz\/es\/wp-json\/wp\/v2\/pages\/1125"}],"collection":[{"href":"https:\/\/aus-ape.cz\/es\/wp-json\/wp\/v2\/pages"}],"about":[{"href":"https:\/\/aus-ape.cz\/es\/wp-json\/wp\/v2\/types\/page"}],"author":[{"embeddable":true,"href":"https:\/\/aus-ape.cz\/es\/wp-json\/wp\/v2\/users\/1"}],"replies":[{"embeddable":true,"href":"https:\/\/aus-ape.cz\/es\/wp-json\/wp\/v2\/comments?post=1125"}],"version-history":[{"count":9,"href":"https:\/\/aus-ape.cz\/es\/wp-json\/wp\/v2\/pages\/1125\/revisions"}],"predecessor-version":[{"id":1183,"href":"https:\/\/aus-ape.cz\/es\/wp-json\/wp\/v2\/pages\/1125\/revisions\/1183"}],"up":[{"embeddable":true,"href":"https:\/\/aus-ape.cz\/es\/wp-json\/wp\/v2\/pages\/1101"}],"wp:attachment":[{"href":"https:\/\/aus-ape.cz\/es\/wp-json\/wp\/v2\/media?parent=1125"}],"curies":[{"name":"wp","href":"https:\/\/api.w.org\/{rel}","templated":true}]}}