{"id":1101,"date":"2021-11-24T18:04:08","date_gmt":"2021-11-24T17:04:08","guid":{"rendered":"http:\/\/aus-ape.cz\/?page_id=1101"},"modified":"2021-12-15T17:07:22","modified_gmt":"2021-12-15T16:07:22","slug":"materialy-k-vyuce","status":"publish","type":"page","link":"https:\/\/aus-ape.cz\/es\/clenstvi\/materialy-k-vyuce\/","title":{"rendered":"Materi\u00e1ly k v\u00fduce"},"content":{"rendered":"<p>K tomuto obsahu nem\u00e1te p\u0159\u00edstup.<\/p>\n<p>Jste-li ji\u017e \u010dlenem, <a href=\"http:\/\/aus-ape.cz\/clenstvi\/login\/\">p\u0159ihlaste se<\/a>.<\/p>\n<p>Nejste-li \u010dlenem, <a href=\"http:\/\/aus-ape.cz\/clenstvi\/register\/\">registrujte se<\/a> a postupujte dle pokyn\u016f v registra\u010dn\u00edm emailu.<\/p>\n<p>D\u011bkujeme<\/p>","protected":false},"excerpt":{"rendered":"<p>K tomuto obsahu nem\u00e1te p\u0159\u00edstup. Jste-li ji\u017e \u010dlenem, p\u0159ihlaste se. Nejste-li \u010dlenem, registrujte se a postupujte dle pokyn\u016f v registra\u010dn\u00edm emailu. D\u011bkujeme<\/p>","protected":false},"author":1,"featured_media":0,"parent":57,"menu_order":0,"comment_status":"closed","ping_status":"closed","template":"","meta":[],"_links":{"self":[{"href":"https:\/\/aus-ape.cz\/es\/wp-json\/wp\/v2\/pages\/1101"}],"collection":[{"href":"https:\/\/aus-ape.cz\/es\/wp-json\/wp\/v2\/pages"}],"about":[{"href":"https:\/\/aus-ape.cz\/es\/wp-json\/wp\/v2\/types\/page"}],"author":[{"embeddable":true,"href":"https:\/\/aus-ape.cz\/es\/wp-json\/wp\/v2\/users\/1"}],"replies":[{"embeddable":true,"href":"https:\/\/aus-ape.cz\/es\/wp-json\/wp\/v2\/comments?post=1101"}],"version-history":[{"count":12,"href":"https:\/\/aus-ape.cz\/es\/wp-json\/wp\/v2\/pages\/1101\/revisions"}],"predecessor-version":[{"id":1164,"href":"https:\/\/aus-ape.cz\/es\/wp-json\/wp\/v2\/pages\/1101\/revisions\/1164"}],"up":[{"embeddable":true,"href":"https:\/\/aus-ape.cz\/es\/wp-json\/wp\/v2\/pages\/57"}],"wp:attachment":[{"href":"https:\/\/aus-ape.cz\/es\/wp-json\/wp\/v2\/media?parent=1101"}],"curies":[{"name":"wp","href":"https:\/\/api.w.org\/{rel}","templated":true}]}}