{"id":107,"date":"2020-11-12T17:25:41","date_gmt":"2020-11-12T16:25:41","guid":{"rendered":"http:\/\/aus-ape.cz\/?page_id=107"},"modified":"2023-06-29T18:56:20","modified_gmt":"2023-06-29T17:56:20","slug":"podpor-nas","status":"publish","type":"page","link":"https:\/\/aus-ape.cz\/es\/podpor-nas\/","title":{"rendered":"Podpo\u0159te n\u00e1s"},"content":{"rendered":"<p>Na\u0161e asociace u\u010ditel\u016f \u0161pan\u011bl\u0161tiny je p\u0159idru\u017een\u00fdm \u010dlenem FIAPE a je dobrovolnou neziskovou organizac\u00ed. <\/p>\n\n\n\n<p>Zveme v\u00e1s, abyste se stali partnerem na\u0161ich projekt\u016f. <\/p>\n\n\n\n<p>Pokud chcete podpo\u0159it na\u0161i \u010dinnost, nev\u00e1hejte n\u00e1m zaslat sv\u00e9 dary na \u00fa\u010det <strong>260278383\/0600<\/strong>. <\/p>\n\n\n\n<p>Jm\u00e9nem asociace d\u011bkujeme za va\u0161i velkorysost.<\/p>","protected":false},"excerpt":{"rendered":"<p>Na\u0161e asociace u\u010ditel\u016f \u0161pan\u011bl\u0161tiny je p\u0159idru\u017een\u00fdm \u010dlenem FIAPE a je dobrovolnou neziskovou organizac\u00ed. Zveme v\u00e1s, abyste se stali partnerem na\u0161ich projekt\u016f. Pokud chcete podpo\u0159it na\u0161i \u010dinnost, nev\u00e1hejte n\u00e1m zaslat sv\u00e9 dary na \u00fa\u010det 260278383\/0600. Jm\u00e9nem asociace d\u011bkujeme za va\u0161i velkorysost.<\/p>","protected":false},"author":1,"featured_media":0,"parent":0,"menu_order":0,"comment_status":"closed","ping_status":"closed","template":"","meta":[],"_links":{"self":[{"href":"https:\/\/aus-ape.cz\/es\/wp-json\/wp\/v2\/pages\/107"}],"collection":[{"href":"https:\/\/aus-ape.cz\/es\/wp-json\/wp\/v2\/pages"}],"about":[{"href":"https:\/\/aus-ape.cz\/es\/wp-json\/wp\/v2\/types\/page"}],"author":[{"embeddable":true,"href":"https:\/\/aus-ape.cz\/es\/wp-json\/wp\/v2\/users\/1"}],"replies":[{"embeddable":true,"href":"https:\/\/aus-ape.cz\/es\/wp-json\/wp\/v2\/comments?post=107"}],"version-history":[{"count":5,"href":"https:\/\/aus-ape.cz\/es\/wp-json\/wp\/v2\/pages\/107\/revisions"}],"predecessor-version":[{"id":1488,"href":"https:\/\/aus-ape.cz\/es\/wp-json\/wp\/v2\/pages\/107\/revisions\/1488"}],"wp:attachment":[{"href":"https:\/\/aus-ape.cz\/es\/wp-json\/wp\/v2\/media?parent=107"}],"curies":[{"name":"wp","href":"https:\/\/api.w.org\/{rel}","templated":true}]}}